{"id":179,"date":"2024-06-14T22:19:58","date_gmt":"2024-06-14T22:19:58","guid":{"rendered":"https:\/\/tenisdemesasieb.cl\/?page_id=179"},"modified":"2024-08-05T13:50:37","modified_gmt":"2024-08-05T13:50:37","slug":"clinicas-de-tm","status":"publish","type":"page","link":"https:\/\/tenisdemesasieb.cl\/index.php\/clinicas-de-tm\/","title":{"rendered":"Cl\u00ednicas de TM"},"content":{"rendered":"\n<p class=\"has-background\" style=\"background:linear-gradient(135deg,rgb(102,191,243) 0%,rgb(250,250,250) 100%)\"><strong>Cl\u00ednica de tenis de mesa para el equipo SIEB<\/strong><\/p>\n\n\n\n<p>De acuerdo con la programaci\u00f3n 2024, previmos la realizaci\u00f3n de \u201ccl\u00ednicas de TM\u201d especialmente dirigidas a los participantes del taller (es decir, como una actividad propia del taller, incluida en el pago de la inscripci\u00f3n, independientemente del n\u00b0 de d\u00edas de asistencia).<\/p>\n\n\n\n<p>La \u201ccl\u00ednica de TM\u00bb es una sesi\u00f3n especial en la que un(a) experto(a) invitado(a) expone ideas sobre el TM y t\u00e9cnicas de juego, as\u00ed como realiza retroalimentaci\u00f3n espec\u00edfica, a partir de algunas demostraciones in situ.<\/p>\n\n\n\n<h2 class=\"wp-block-heading\">Prop\u00f3sitos&nbsp;<\/h2>\n\n\n\n<ul class=\"wp-block-list\">\n<li>Ofrecer una instancia complementaria para la consolidaci\u00f3n del equipo<\/li>\n\n\n\n<li>Afianzar un lenguaje t\u00e9cnico propio para enriquecer el aprendizaje del TM.<\/li>\n\n\n\n<li>Conocer y dialogar sobre experiencias y visiones diversas sobre el TM.<\/li>\n\n\n\n<li>Enriquecer las habilidades t\u00e9cnicas del equipo.<\/li>\n<\/ul>\n\n\n\n<h2 class=\"wp-block-heading\">Programaci\u00f3n<\/h2>\n\n\n\n<figure class=\"wp-block-table\"><table><tbody><tr><td><strong>Mes<\/strong><\/td><td><strong>Expositor(a)<\/strong><\/td><\/tr><tr><td>Mayo<\/td><td>Consuelo Latorres (<a href=\"https:\/\/tenisdemesasieb.cl\/index.php\/2024\/06\/14\/1a-clinica-de-tenis-de-mesa-mayo\/\" data-type=\"post\" data-id=\"189\">ver galer\u00eda<\/a>)<\/td><\/tr><tr><td>Junio<\/td><td>Rafael Cofr\u00e9 (<a href=\"https:\/\/tenisdemesasieb.cl\/index.php\/2024\/06\/26\/2a-clinica-de-tenis-de-mesa-junio\/\">ver galer\u00eda<\/a>)<\/td><\/tr><tr><td>Agosto<\/td><td>Rafael Cofr\u00e9 (<a href=\"https:\/\/tenisdemesasieb.cl\/index.php\/2024\/08\/05\/3a-clinica-de-tenis-de-mesa-agosto\/\" data-type=\"link\" data-id=\"https:\/\/tenisdemesasieb.cl\/index.php\/2024\/08\/05\/3a-clinica-de-tenis-de-mesa-agosto\/\">ver galer\u00eda<\/a>)<\/td><\/tr><\/tbody><\/table><figcaption class=\"wp-element-caption\"><strong><sup>Cl\u00ednicas de TM para el 1er semestre de 2024<\/sup><\/strong><\/figcaption><\/figure>\n\n\n\n<p><\/p>\n","protected":false},"excerpt":{"rendered":"<p>Cl\u00ednica de tenis de mesa para el equipo SIEB De acuerdo con la programaci\u00f3n 2024, previmos la realizaci\u00f3n de \u201ccl\u00ednicas de TM\u201d especialmente dirigidas a los participantes del taller (es decir, como una actividad propia del taller, incluida en el pago de la inscripci\u00f3n, independientemente del n\u00b0 de d\u00edas de asistencia). La \u201ccl\u00ednica de TM\u00bb<span class=\"post-excerpt-end\">&hellip;<\/span><\/p>\n<p class=\"more-link\"><a href=\"https:\/\/tenisdemesasieb.cl\/index.php\/clinicas-de-tm\/\" class=\"themebutton\">Leer m\u00e1s<\/a><\/p>\n","protected":false},"author":1,"featured_media":0,"parent":0,"menu_order":0,"comment_status":"closed","ping_status":"closed","template":"","meta":{"footnotes":""},"class_list":["post-179","page","type-page","status-publish","hentry"],"_links":{"self":[{"href":"https:\/\/tenisdemesasieb.cl\/index.php\/wp-json\/wp\/v2\/pages\/179","targetHints":{"allow":["GET"]}}],"collection":[{"href":"https:\/\/tenisdemesasieb.cl\/index.php\/wp-json\/wp\/v2\/pages"}],"about":[{"href":"https:\/\/tenisdemesasieb.cl\/index.php\/wp-json\/wp\/v2\/types\/page"}],"author":[{"embeddable":true,"href":"https:\/\/tenisdemesasieb.cl\/index.php\/wp-json\/wp\/v2\/users\/1"}],"replies":[{"embeddable":true,"href":"https:\/\/tenisdemesasieb.cl\/index.php\/wp-json\/wp\/v2\/comments?post=179"}],"version-history":[{"count":9,"href":"https:\/\/tenisdemesasieb.cl\/index.php\/wp-json\/wp\/v2\/pages\/179\/revisions"}],"predecessor-version":[{"id":340,"href":"https:\/\/tenisdemesasieb.cl\/index.php\/wp-json\/wp\/v2\/pages\/179\/revisions\/340"}],"wp:attachment":[{"href":"https:\/\/tenisdemesasieb.cl\/index.php\/wp-json\/wp\/v2\/media?parent=179"}],"curies":[{"name":"wp","href":"https:\/\/api.w.org\/{rel}","templated":true}]}}