{"id":79,"date":"2024-04-10T02:05:50","date_gmt":"2024-04-10T02:05:50","guid":{"rendered":"https:\/\/tenisdemesasieb.cl\/?page_id=79"},"modified":"2025-03-10T16:20:05","modified_gmt":"2025-03-10T16:20:05","slug":"taller-2025","status":"publish","type":"page","link":"https:\/\/tenisdemesasieb.cl\/index.php\/taller-2025\/","title":{"rendered":"Taller 2025"},"content":{"rendered":"\n<blockquote class=\"wp-block-quote is-layout-flow wp-block-quote-is-layout-flow\">\n<p><strong>Taller de tenis de mesa para madres, padres y apoderados del colegio San Ignacio El Bosque (SIEB), cuyo prop\u00f3sito principal es ofrecer oportunidades de aprendizaje, entretenci\u00f3n y competencia deportiva para contribuir al desarrollo personal y al fortalecimiento de la comunidad de MP&amp;A del colegio.&nbsp;<\/strong><\/p>\n<\/blockquote>\n\n\n\n<pre class=\"wp-block-preformatted\">El objetivo estrat\u00e9gico general que gu\u00eda la organizaci\u00f3n del taller, durante el presente a\u00f1o, es <strong>consolidar una organizaci\u00f3n deportiva para el desarrollo del tenis de mesa, en diversas categor\u00edas de adultos, ni\u00f1os y ni\u00f1as.&nbsp;<\/strong><\/pre>\n\n\n\n<p>Nuestras objetivos espec\u00edficos para el a\u00f1o 2025 son los siguientes:<\/p>\n\n\n\n<ul class=\"wp-block-list\">\n<li>Definir procedimientos y criterios de acci\u00f3n claros y transparentes, en aspectos operacionales y econ\u00f3micos.<\/li>\n\n\n\n<li>Consolidar y mejorar la infraestructura y el equipamiento disponibles para el entrenamiento continuo y permantente<\/li>\n\n\n\n<li>Definir una din\u00e1mica de entrenamientos planificada, con indicadores de seguimiento del desempe\u00f1o de los jugadores, con participaci\u00f3n del profesor del taller.<\/li>\n\n\n\n<li>Mantener un ranking de participantes en web, basado en criterios claros para la participaci\u00f3n en y recuento de torneos internos y externos.<\/li>\n\n\n\n<li>Promover el desarrollo del tenis de mesa como un deporte fuerte a nivel de estudiantes y apoderados.<\/li>\n<\/ul>\n\n\n\n<p>Aqu\u00ed puedes ver el detalle de nuestra planificaci\u00f3n estrat\u00e9gica: <a href=\"https:\/\/docs.google.com\/spreadsheets\/d\/11d8V1oRLnAeF-k5AJ4o689ZduBOt3PB77dvobnI-EQM\/edit?usp=sharing\" target=\"_blank\" rel=\"noreferrer noopener\">Ver plan 2025<\/a>.<\/p>\n\n\n\n<h2 class=\"wp-block-heading\">Organizaci\u00f3n<\/h2>\n\n\n\n<p class=\"has-background\" style=\"background-color:#f6eb75\"><strong>Horario<\/strong>: Lunes y mi\u00e9rcoles, 20:30 h a 22:00 h<\/p>\n\n\n\n<ul style=\"background-color:#f6eb75\" class=\"wp-block-list has-background\">\n<li>Lunes y mi\u00e9rcoles: clases y entrenamiento, <strong>con profesor<\/strong>.<\/li>\n\n\n\n<li>Jueves: juego libre y competencia, <strong>sin profesor<\/strong>.<\/li>\n<\/ul>\n\n\n\n<p class=\"has-background\" style=\"background-color:#f6eb75\"><strong>Lugar<\/strong>: Gimnasio SIEB, 2\u00b0 piso<\/p>\n\n\n\n<p class=\"has-background\" style=\"background-color:#f6eb75\"><strong>Entrenador<\/strong>: Rafael Cofr\u00e9 H.<\/p>\n\n\n\n<p class=\"has-very-light-gray-to-cyan-bluish-gray-gradient-background has-background\"><strong>Valor semestral<\/strong>: Opci\u00f3n de inscripci\u00f3n para asistir uno o dos d\u00edas a la semana. Los valores por el periodo marzo a julio son los siguientes:<\/p>\n\n\n\n<ul class=\"wp-block-list has-very-light-gray-to-cyan-bluish-gray-gradient-background has-background\">\n<li>Si se inscribe por 1 d\u00eda a la semana: $82.500 <strong>semestral<\/strong>, independiente de la asistencia.<\/li>\n\n\n\n<li>Si se inscribe por 2 d\u00edas a la semana: $135.000 <strong>semestral<\/strong>, independiente de la asistencia.<\/li>\n<\/ul>\n\n\n\n<p class=\"has-very-light-gray-to-cyan-bluish-gray-gradient-background has-background\">A las inscripciones que se realizan durante el transcurso del semestre, les corresponden valores proporcionales al periodo remanente del semestre.<\/p>\n\n\n\n<p class=\"has-very-light-gray-to-cyan-bluish-gray-gradient-background has-background\"><strong>Modalidad de pago<\/strong>: Pago \u00fanico.<\/p>\n\n\n\n<p><strong>Actividades incluidas<\/strong>: Entrenamientos en equipo, clases con instructor, participaci\u00f3n en competencias internas y externas, participaci\u00f3n en cl\u00ednicas de tenis de mesa con especialista<\/p>\n\n\n\n<p><strong>Competencias<\/strong>: Para este a\u00f1o proyectamos competencias internas y externas <strong><em>para todo competidor<\/em><\/strong>, incluyendo un sistema de ranking para la selecci\u00f3n de representantes en actividades externas, cuando se requiera.<\/p>\n\n\n\n<ul class=\"wp-block-list\">\n<li>Torneo interno para escalaf\u00f3n individual.<\/li>\n\n\n\n<li>Torneo interno para rotaci\u00f3n de equipos de dobles.<\/li>\n\n\n\n<li>Campeonato abierto SIEB.<\/li>\n\n\n\n<li>Encuentro intercolegios.<\/li>\n\n\n\n<li>Olimpiadas de padres, madres y apoderados.<\/li>\n<\/ul>\n","protected":false},"excerpt":{"rendered":"<p>Taller de tenis de mesa para madres, padres y apoderados del colegio San Ignacio El Bosque (SIEB), cuyo prop\u00f3sito principal es ofrecer oportunidades de aprendizaje, entretenci\u00f3n y competencia deportiva para contribuir al desarrollo personal y al fortalecimiento de la comunidad de MP&amp;A del colegio.&nbsp; El objetivo estrat\u00e9gico general que gu\u00eda la organizaci\u00f3n del taller, durante<span class=\"post-excerpt-end\">&hellip;<\/span><\/p>\n<p class=\"more-link\"><a href=\"https:\/\/tenisdemesasieb.cl\/index.php\/taller-2025\/\" class=\"themebutton\">Leer m\u00e1s<\/a><\/p>\n","protected":false},"author":1,"featured_media":0,"parent":0,"menu_order":0,"comment_status":"closed","ping_status":"closed","template":"","meta":{"footnotes":""},"class_list":["post-79","page","type-page","status-publish","hentry"],"_links":{"self":[{"href":"https:\/\/tenisdemesasieb.cl\/index.php\/wp-json\/wp\/v2\/pages\/79","targetHints":{"allow":["GET"]}}],"collection":[{"href":"https:\/\/tenisdemesasieb.cl\/index.php\/wp-json\/wp\/v2\/pages"}],"about":[{"href":"https:\/\/tenisdemesasieb.cl\/index.php\/wp-json\/wp\/v2\/types\/page"}],"author":[{"embeddable":true,"href":"https:\/\/tenisdemesasieb.cl\/index.php\/wp-json\/wp\/v2\/users\/1"}],"replies":[{"embeddable":true,"href":"https:\/\/tenisdemesasieb.cl\/index.php\/wp-json\/wp\/v2\/comments?post=79"}],"version-history":[{"count":16,"href":"https:\/\/tenisdemesasieb.cl\/index.php\/wp-json\/wp\/v2\/pages\/79\/revisions"}],"predecessor-version":[{"id":356,"href":"https:\/\/tenisdemesasieb.cl\/index.php\/wp-json\/wp\/v2\/pages\/79\/revisions\/356"}],"wp:attachment":[{"href":"https:\/\/tenisdemesasieb.cl\/index.php\/wp-json\/wp\/v2\/media?parent=79"}],"curies":[{"name":"wp","href":"https:\/\/api.w.org\/{rel}","templated":true}]}}